{"id":47,"date":"2020-07-07T21:21:35","date_gmt":"2020-07-07T21:21:35","guid":{"rendered":"https:\/\/franglhof.futurehosting.at\/?page_id=47"},"modified":"2020-07-07T21:57:07","modified_gmt":"2020-07-07T21:57:07","slug":"region","status":"publish","type":"page","link":"https:\/\/franglhof.at\/index.php\/region\/","title":{"rendered":"Region"},"content":{"rendered":"\n<h2 class=\"wp-block-heading\"><strong>Die Kitzb\u00fcheler Alpen \u2013 eine Region voll atemberaubender Sch\u00f6nheit<\/strong><\/h2>\n\n\n\n<p>Bezaubernde Landschaft, wohin man blickt, Events von internationalem Rang wie das legend\u00e4re Hahnenkammrennen, Kitzb\u00fchels hoher Glamourfaktor, eine lange Sporttradition und nicht zuletzt tausend M\u00f6glichkeiten verleihen der Region Kitzb\u00fcheler Alpen eine geradezu magnetische Wirkung. Hier ist die Welt zuhause.<\/p>\n\n\n\n<h2 class=\"wp-block-heading\">Die pure Natur l\u00e4dt ein<\/h2>\n\n\n\n<p>Nur 7 km vom pulsierenden Kitzb\u00fchel entfernt, hat sich der Ort Kirchberg auf der sch\u00f6nsten Seite der Kitzb\u00fcheler Alpen zum elit\u00e4ren Geheimtipp f\u00fcr Genie\u00dfer entwickelt. Hier liegen prickelnde Lebenslust &amp; sportliche H\u00f6henfl\u00fcge f\u00f6rmlich in der Luft.<\/p>\n\n\n\n<p>In unmittelbarer N\u00e4he der Maierlbahn (500 m), des Pengelstein (1.500 m), des KiWest (2.000 m) und am Fu\u00dfe des ber\u00fchmten Sportberges Gaisberg befindet sich das Relais &amp; Ch\u00e2teaux Rosengarten in bester Lage \u2013 perfekt f\u00fcr Rodelabenteuer und Tag- und Nacht-Skilauf. Wer lieber auf unber\u00fchrten Naturpfaden lustwandelt, dem sei das nahe Brixental ans Herz gelegt: ein Paradies f\u00fcr Langl\u00e4ufer und Winterwanderer. Und auch der weltbekannte Kitzb\u00fcheler Hahnenkamm ist um die Ecke.<\/p>\n\n\n\n<p>Im Sommer z\u00e4hlt die Region zweifelsohne zu den sch\u00f6nsten Wandergebieten Tirols und stellt ein Eldorado f\u00fcr Wanderer und Alpinisten dar \u2013 mit leichten Talwanderungen bis hin zu anspruchsvollen Gipfeltouren auf 2.450 m. Zahlreiche Naturbadeseen, das spektakul\u00e4re Golfzentrum der Alpen und nahezu unlimitierte M\u00f6glichkeiten zum Mountainbiken laden zum Sommerurlaub in Tirol ein. Wer das Abenteuer der etwas anderen Art erleben m\u00f6chte, der findet hier in den Kitzb\u00fcheler Alpen ein Paradies zum Klettern, Rafting &amp; Canyoning.<\/p>\n","protected":false},"excerpt":{"rendered":"<p>Die Kitzb\u00fcheler Alpen \u2013 eine Region voll atemberaubender Sch\u00f6nheit Bezaubernde Landschaft, wohin man blickt, Events von internationalem Rang wie das legend\u00e4re Hahnenkammrennen, Kitzb\u00fchels hoher Glamourfaktor, eine lange Sporttradition und nicht zuletzt tausend M\u00f6glichkeiten verleihen der Region Kitzb\u00fcheler Alpen eine geradezu magnetische Wirkung. Hier ist die Welt zuhause. Die pure Natur l\u00e4dt ein Nur 7 km &hellip; <\/p>\n<p class=\"link-more\"><a href=\"https:\/\/franglhof.at\/index.php\/region\/\" class=\"more-link\"><span class=\"screen-reader-text\">\u201eRegion\u201c <\/span>weiterlesen<\/a><\/p>\n","protected":false},"author":1,"featured_media":73,"parent":0,"menu_order":0,"comment_status":"closed","ping_status":"closed","template":"","meta":{"ngg_post_thumbnail":0,"footnotes":""},"class_list":["post-47","page","type-page","status-publish","has-post-thumbnail","hentry"],"yoast_head":"<!-- This site is optimized with the Yoast SEO plugin v27.4 - https:\/\/yoast.com\/product\/yoast-seo-wordpress\/ -->\n<title>Region - Pension Franglhof<\/title>\n<meta name=\"robots\" content=\"index, follow, max-snippet:-1, max-image-preview:large, max-video-preview:-1\" \/>\n<link rel=\"canonical\" href=\"https:\/\/franglhof.at\/index.php\/region\/\" \/>\n<meta property=\"og:locale\" content=\"de_DE\" \/>\n<meta property=\"og:type\" content=\"article\" \/>\n<meta property=\"og:title\" content=\"Region - Pension Franglhof\" \/>\n<meta property=\"og:description\" content=\"Die Kitzb\u00fcheler Alpen \u2013 eine Region voll atemberaubender Sch\u00f6nheit Bezaubernde Landschaft, wohin man blickt, Events von internationalem Rang wie das legend\u00e4re Hahnenkammrennen, Kitzb\u00fchels hoher Glamourfaktor, eine lange Sporttradition und nicht zuletzt tausend M\u00f6glichkeiten verleihen der Region Kitzb\u00fcheler Alpen eine geradezu magnetische Wirkung. Hier ist die Welt zuhause. Die pure Natur l\u00e4dt ein Nur 7 km &hellip; \u201eRegion\u201c weiterlesen\" \/>\n<meta property=\"og:url\" content=\"https:\/\/franglhof.at\/index.php\/region\/\" \/>\n<meta property=\"og:site_name\" content=\"Pension Franglhof\" \/>\n<meta property=\"article:modified_time\" content=\"2020-07-07T21:57:07+00:00\" \/>\n<meta property=\"og:image\" content=\"https:\/\/franglhof.at\/wp-content\/uploads\/2020\/07\/wilder_kaiser_sonnenaufgang_lq_schmal_3.jpg\" \/>\n\t<meta property=\"og:image:width\" content=\"1920\" \/>\n\t<meta property=\"og:image:height\" content=\"547\" \/>\n\t<meta property=\"og:image:type\" content=\"image\/jpeg\" \/>\n<meta name=\"twitter:card\" content=\"summary_large_image\" \/>\n<meta name=\"twitter:label1\" content=\"Gesch\u00e4tzte Lesezeit\" \/>\n\t<meta name=\"twitter:data1\" content=\"1\u00a0Minute\" \/>\n<script type=\"application\/ld+json\" class=\"yoast-schema-graph\">{\"@context\":\"https:\\\/\\\/schema.org\",\"@graph\":[{\"@type\":\"WebPage\",\"@id\":\"https:\\\/\\\/franglhof.at\\\/index.php\\\/region\\\/\",\"url\":\"https:\\\/\\\/franglhof.at\\\/index.php\\\/region\\\/\",\"name\":\"Region - Pension Franglhof\",\"isPartOf\":{\"@id\":\"https:\\\/\\\/franglhof.at\\\/#website\"},\"primaryImageOfPage\":{\"@id\":\"https:\\\/\\\/franglhof.at\\\/index.php\\\/region\\\/#primaryimage\"},\"image\":{\"@id\":\"https:\\\/\\\/franglhof.at\\\/index.php\\\/region\\\/#primaryimage\"},\"thumbnailUrl\":\"https:\\\/\\\/franglhof.at\\\/wp-content\\\/uploads\\\/2020\\\/07\\\/wilder_kaiser_sonnenaufgang_lq_schmal_3.jpg\",\"datePublished\":\"2020-07-07T21:21:35+00:00\",\"dateModified\":\"2020-07-07T21:57:07+00:00\",\"breadcrumb\":{\"@id\":\"https:\\\/\\\/franglhof.at\\\/index.php\\\/region\\\/#breadcrumb\"},\"inLanguage\":\"de\",\"potentialAction\":[{\"@type\":\"ReadAction\",\"target\":[\"https:\\\/\\\/franglhof.at\\\/index.php\\\/region\\\/\"]}]},{\"@type\":\"ImageObject\",\"inLanguage\":\"de\",\"@id\":\"https:\\\/\\\/franglhof.at\\\/index.php\\\/region\\\/#primaryimage\",\"url\":\"https:\\\/\\\/franglhof.at\\\/wp-content\\\/uploads\\\/2020\\\/07\\\/wilder_kaiser_sonnenaufgang_lq_schmal_3.jpg\",\"contentUrl\":\"https:\\\/\\\/franglhof.at\\\/wp-content\\\/uploads\\\/2020\\\/07\\\/wilder_kaiser_sonnenaufgang_lq_schmal_3.jpg\",\"width\":1920,\"height\":547,\"caption\":\"Wilder Kaiser Sonnenaufgang\"},{\"@type\":\"BreadcrumbList\",\"@id\":\"https:\\\/\\\/franglhof.at\\\/index.php\\\/region\\\/#breadcrumb\",\"itemListElement\":[{\"@type\":\"ListItem\",\"position\":1,\"name\":\"Home\",\"item\":\"https:\\\/\\\/franglhof.at\\\/\"},{\"@type\":\"ListItem\",\"position\":2,\"name\":\"Region\"}]},{\"@type\":\"WebSite\",\"@id\":\"https:\\\/\\\/franglhof.at\\\/#website\",\"url\":\"https:\\\/\\\/franglhof.at\\\/\",\"name\":\"Pension Franglhof\",\"description\":\"\",\"potentialAction\":[{\"@type\":\"SearchAction\",\"target\":{\"@type\":\"EntryPoint\",\"urlTemplate\":\"https:\\\/\\\/franglhof.at\\\/?s={search_term_string}\"},\"query-input\":{\"@type\":\"PropertyValueSpecification\",\"valueRequired\":true,\"valueName\":\"search_term_string\"}}],\"inLanguage\":\"de\"}]}<\/script>\n<!-- \/ Yoast SEO plugin. -->","yoast_head_json":{"title":"Region - Pension Franglhof","robots":{"index":"index","follow":"follow","max-snippet":"max-snippet:-1","max-image-preview":"max-image-preview:large","max-video-preview":"max-video-preview:-1"},"canonical":"https:\/\/franglhof.at\/index.php\/region\/","og_locale":"de_DE","og_type":"article","og_title":"Region - Pension Franglhof","og_description":"Die Kitzb\u00fcheler Alpen \u2013 eine Region voll atemberaubender Sch\u00f6nheit Bezaubernde Landschaft, wohin man blickt, Events von internationalem Rang wie das legend\u00e4re Hahnenkammrennen, Kitzb\u00fchels hoher Glamourfaktor, eine lange Sporttradition und nicht zuletzt tausend M\u00f6glichkeiten verleihen der Region Kitzb\u00fcheler Alpen eine geradezu magnetische Wirkung. Hier ist die Welt zuhause. Die pure Natur l\u00e4dt ein Nur 7 km &hellip; \u201eRegion\u201c weiterlesen","og_url":"https:\/\/franglhof.at\/index.php\/region\/","og_site_name":"Pension Franglhof","article_modified_time":"2020-07-07T21:57:07+00:00","og_image":[{"width":1920,"height":547,"url":"https:\/\/franglhof.at\/wp-content\/uploads\/2020\/07\/wilder_kaiser_sonnenaufgang_lq_schmal_3.jpg","type":"image\/jpeg"}],"twitter_card":"summary_large_image","twitter_misc":{"Gesch\u00e4tzte Lesezeit":"1\u00a0Minute"},"schema":{"@context":"https:\/\/schema.org","@graph":[{"@type":"WebPage","@id":"https:\/\/franglhof.at\/index.php\/region\/","url":"https:\/\/franglhof.at\/index.php\/region\/","name":"Region - Pension Franglhof","isPartOf":{"@id":"https:\/\/franglhof.at\/#website"},"primaryImageOfPage":{"@id":"https:\/\/franglhof.at\/index.php\/region\/#primaryimage"},"image":{"@id":"https:\/\/franglhof.at\/index.php\/region\/#primaryimage"},"thumbnailUrl":"https:\/\/franglhof.at\/wp-content\/uploads\/2020\/07\/wilder_kaiser_sonnenaufgang_lq_schmal_3.jpg","datePublished":"2020-07-07T21:21:35+00:00","dateModified":"2020-07-07T21:57:07+00:00","breadcrumb":{"@id":"https:\/\/franglhof.at\/index.php\/region\/#breadcrumb"},"inLanguage":"de","potentialAction":[{"@type":"ReadAction","target":["https:\/\/franglhof.at\/index.php\/region\/"]}]},{"@type":"ImageObject","inLanguage":"de","@id":"https:\/\/franglhof.at\/index.php\/region\/#primaryimage","url":"https:\/\/franglhof.at\/wp-content\/uploads\/2020\/07\/wilder_kaiser_sonnenaufgang_lq_schmal_3.jpg","contentUrl":"https:\/\/franglhof.at\/wp-content\/uploads\/2020\/07\/wilder_kaiser_sonnenaufgang_lq_schmal_3.jpg","width":1920,"height":547,"caption":"Wilder Kaiser Sonnenaufgang"},{"@type":"BreadcrumbList","@id":"https:\/\/franglhof.at\/index.php\/region\/#breadcrumb","itemListElement":[{"@type":"ListItem","position":1,"name":"Home","item":"https:\/\/franglhof.at\/"},{"@type":"ListItem","position":2,"name":"Region"}]},{"@type":"WebSite","@id":"https:\/\/franglhof.at\/#website","url":"https:\/\/franglhof.at\/","name":"Pension Franglhof","description":"","potentialAction":[{"@type":"SearchAction","target":{"@type":"EntryPoint","urlTemplate":"https:\/\/franglhof.at\/?s={search_term_string}"},"query-input":{"@type":"PropertyValueSpecification","valueRequired":true,"valueName":"search_term_string"}}],"inLanguage":"de"}]}},"jetpack_sharing_enabled":true,"_links":{"self":[{"href":"https:\/\/franglhof.at\/index.php\/wp-json\/wp\/v2\/pages\/47","targetHints":{"allow":["GET"]}}],"collection":[{"href":"https:\/\/franglhof.at\/index.php\/wp-json\/wp\/v2\/pages"}],"about":[{"href":"https:\/\/franglhof.at\/index.php\/wp-json\/wp\/v2\/types\/page"}],"author":[{"embeddable":true,"href":"https:\/\/franglhof.at\/index.php\/wp-json\/wp\/v2\/users\/1"}],"replies":[{"embeddable":true,"href":"https:\/\/franglhof.at\/index.php\/wp-json\/wp\/v2\/comments?post=47"}],"version-history":[{"count":2,"href":"https:\/\/franglhof.at\/index.php\/wp-json\/wp\/v2\/pages\/47\/revisions"}],"predecessor-version":[{"id":67,"href":"https:\/\/franglhof.at\/index.php\/wp-json\/wp\/v2\/pages\/47\/revisions\/67"}],"wp:featuredmedia":[{"embeddable":true,"href":"https:\/\/franglhof.at\/index.php\/wp-json\/wp\/v2\/media\/73"}],"wp:attachment":[{"href":"https:\/\/franglhof.at\/index.php\/wp-json\/wp\/v2\/media?parent=47"}],"curies":[{"name":"wp","href":"https:\/\/api.w.org\/{rel}","templated":true}]}}