{"id":39,"date":"2020-07-07T21:20:25","date_gmt":"2020-07-07T21:20:25","guid":{"rendered":"https:\/\/franglhof.futurehosting.at\/?page_id=39"},"modified":"2023-05-03T09:50:16","modified_gmt":"2023-05-03T09:50:16","slug":"home","status":"publish","type":"page","link":"https:\/\/franglhof.at\/","title":{"rendered":"Home"},"content":{"rendered":"\n<p>Am Fu\u00dfe des Sonnberges, inmitten der Kitzb\u00fcheler Alpen, ruhig und doch zentrumsnahe (ca. 800m), liegt unsere famili\u00e4r gef\u00fchrte Fr\u00fchst\u00fcckspension. Zahlreiche Wanderwege und Bergtouren in den Kitzb\u00fcheler Alpen sowie Mountain Bike Routen, Golfpl\u00e4tze, Rafting, Reiten, Badesee und Freibad, Ausflugsziele und Sehensw\u00fcrdigkeiten in der n\u00e4heren Umgebung sorgen f\u00fcr Abwechslung in Ihrem Urlaub bei uns in Tirol.<\/p>\n\n\n\n<p><\/p>\n\n\n\n<h2 class=\"wp-block-heading\">Zimmerbilder<\/h2>\n\n\n\n<div class=\"wp-block-jetpack-tiled-gallery aligncenter is-style-columns\"><div class=\"tiled-gallery__gallery\"><div class=\"tiled-gallery__row\"><div class=\"tiled-gallery__col\" style=\"flex-basis:28.253216488233633%\"><figure class=\"tiled-gallery__item\"><img decoding=\"async\" srcset=\"https:\/\/i0.wp.com\/franglhof.at\/wp-content\/uploads\/2020\/07\/franglhof_sommer_main.jpg?strip=info&#038;w=600&#038;ssl=1 600w,https:\/\/i0.wp.com\/franglhof.at\/wp-content\/uploads\/2020\/07\/franglhof_sommer_main.jpg?strip=info&#038;w=900&#038;ssl=1 900w,https:\/\/i0.wp.com\/franglhof.at\/wp-content\/uploads\/2020\/07\/franglhof_sommer_main.jpg?strip=info&#038;w=1200&#038;ssl=1 1200w,https:\/\/i0.wp.com\/franglhof.at\/wp-content\/uploads\/2020\/07\/franglhof_sommer_main.jpg?strip=info&#038;w=1500&#038;ssl=1 1500w,https:\/\/i0.wp.com\/franglhof.at\/wp-content\/uploads\/2020\/07\/franglhof_sommer_main.jpg?strip=info&#038;w=1800&#038;ssl=1 1800w,https:\/\/i0.wp.com\/franglhof.at\/wp-content\/uploads\/2020\/07\/franglhof_sommer_main.jpg?strip=info&#038;w=2000&#038;ssl=1 2000w\" alt=\"Franglhof Hauptbild\" data-height=\"1200\" data-id=\"147\" data-link=\"https:\/\/franglhof.at\/franglhof_sommer_main\/\" data-url=\"https:\/\/franglhof.at\/wp-content\/uploads\/2020\/07\/franglhof_sommer_main.jpg\" data-width=\"2000\" src=\"https:\/\/i0.wp.com\/franglhof.at\/wp-content\/uploads\/2020\/07\/franglhof_sommer_main.jpg?ssl=1\" layout=\"responsive\"\/><\/figure><figure class=\"tiled-gallery__item\"><img decoding=\"async\" srcset=\"https:\/\/i0.wp.com\/franglhof.at\/wp-content\/uploads\/2020\/07\/franglhof_winter_02-scaled.jpg?strip=info&#038;w=600&#038;ssl=1 600w,https:\/\/i0.wp.com\/franglhof.at\/wp-content\/uploads\/2020\/07\/franglhof_winter_02-scaled.jpg?strip=info&#038;w=900&#038;ssl=1 900w,https:\/\/i0.wp.com\/franglhof.at\/wp-content\/uploads\/2020\/07\/franglhof_winter_02-scaled.jpg?strip=info&#038;w=1200&#038;ssl=1 1200w,https:\/\/i0.wp.com\/franglhof.at\/wp-content\/uploads\/2020\/07\/franglhof_winter_02-scaled.jpg?strip=info&#038;w=1500&#038;ssl=1 1500w,https:\/\/i0.wp.com\/franglhof.at\/wp-content\/uploads\/2020\/07\/franglhof_winter_02-scaled.jpg?strip=info&#038;w=1800&#038;ssl=1 1800w,https:\/\/i0.wp.com\/franglhof.at\/wp-content\/uploads\/2020\/07\/franglhof_winter_02-scaled.jpg?strip=info&#038;w=2000&#038;ssl=1 2000w\" alt=\"Franglhof_Winter_02\" data-height=\"1707\" data-id=\"113\" data-link=\"https:\/\/franglhof.at\/franglhof_winter_02\/\" data-url=\"https:\/\/franglhof.at\/wp-content\/uploads\/2020\/07\/franglhof_winter_02-scaled.jpg\" data-width=\"2560\" src=\"https:\/\/i0.wp.com\/franglhof.at\/wp-content\/uploads\/2020\/07\/franglhof_winter_02-scaled.jpg?ssl=1\" layout=\"responsive\"\/><\/figure><\/div><div class=\"tiled-gallery__col\" style=\"flex-basis:13.327642991643598%\"><figure class=\"tiled-gallery__item\"><img decoding=\"async\" srcset=\"https:\/\/i1.wp.com\/franglhof.at\/wp-content\/uploads\/2020\/07\/Top_03_06-scaled.jpg?strip=info&#038;w=600&#038;ssl=1 600w,https:\/\/i1.wp.com\/franglhof.at\/wp-content\/uploads\/2020\/07\/Top_03_06-scaled.jpg?strip=info&#038;w=900&#038;ssl=1 900w,https:\/\/i1.wp.com\/franglhof.at\/wp-content\/uploads\/2020\/07\/Top_03_06-scaled.jpg?strip=info&#038;w=1200&#038;ssl=1 1200w,https:\/\/i1.wp.com\/franglhof.at\/wp-content\/uploads\/2020\/07\/Top_03_06-scaled.jpg?strip=info&#038;w=1500&#038;ssl=1 1500w,https:\/\/i1.wp.com\/franglhof.at\/wp-content\/uploads\/2020\/07\/Top_03_06-scaled.jpg?strip=info&#038;w=1800&#038;ssl=1 1800w,https:\/\/i1.wp.com\/franglhof.at\/wp-content\/uploads\/2020\/07\/Top_03_06-scaled.jpg?strip=info&#038;w=1978&#038;ssl=1 1978w\" alt=\"Gaisberg K\u00fcche\" data-height=\"2560\" data-id=\"23\" data-link=\"https:\/\/franglhof.at\/index.php\/2020\/07\/01\/unsere-appartements\/top_03_06\/\" data-url=\"https:\/\/franglhof.at\/wp-content\/uploads\/2020\/07\/Top_03_06-scaled.jpg\" data-width=\"1978\" src=\"https:\/\/i1.wp.com\/franglhof.at\/wp-content\/uploads\/2020\/07\/Top_03_06-scaled.jpg?ssl=1\" layout=\"responsive\"\/><\/figure><figure class=\"tiled-gallery__item\"><img decoding=\"async\" srcset=\"https:\/\/i2.wp.com\/franglhof.at\/wp-content\/uploads\/2020\/07\/Top_03_04-scaled.jpg?strip=info&#038;w=600&#038;ssl=1 600w,https:\/\/i2.wp.com\/franglhof.at\/wp-content\/uploads\/2020\/07\/Top_03_04-scaled.jpg?strip=info&#038;w=900&#038;ssl=1 900w,https:\/\/i2.wp.com\/franglhof.at\/wp-content\/uploads\/2020\/07\/Top_03_04-scaled.jpg?strip=info&#038;w=1200&#038;ssl=1 1200w,https:\/\/i2.wp.com\/franglhof.at\/wp-content\/uploads\/2020\/07\/Top_03_04-scaled.jpg?strip=info&#038;w=1500&#038;ssl=1 1500w,https:\/\/i2.wp.com\/franglhof.at\/wp-content\/uploads\/2020\/07\/Top_03_04-scaled.jpg?strip=info&#038;w=1800&#038;ssl=1 1800w,https:\/\/i2.wp.com\/franglhof.at\/wp-content\/uploads\/2020\/07\/Top_03_04-scaled.jpg?strip=info&#038;w=2000&#038;ssl=1 2000w\" alt=\"Gaisberg Schlafzimmer\" data-height=\"1914\" data-id=\"21\" data-link=\"https:\/\/franglhof.at\/index.php\/2020\/07\/01\/unsere-appartements\/top_03_04\/\" data-url=\"https:\/\/franglhof.at\/wp-content\/uploads\/2020\/07\/Top_03_04-scaled.jpg\" data-width=\"2560\" src=\"https:\/\/i2.wp.com\/franglhof.at\/wp-content\/uploads\/2020\/07\/Top_03_04-scaled.jpg?ssl=1\" layout=\"responsive\"\/><\/figure><figure class=\"tiled-gallery__item\"><img decoding=\"async\" srcset=\"https:\/\/i2.wp.com\/franglhof.at\/wp-content\/uploads\/2020\/07\/Top_03_02-scaled.jpg?strip=info&#038;w=600&#038;ssl=1 600w,https:\/\/i2.wp.com\/franglhof.at\/wp-content\/uploads\/2020\/07\/Top_03_02-scaled.jpg?strip=info&#038;w=900&#038;ssl=1 900w,https:\/\/i2.wp.com\/franglhof.at\/wp-content\/uploads\/2020\/07\/Top_03_02-scaled.jpg?strip=info&#038;w=1200&#038;ssl=1 1200w,https:\/\/i2.wp.com\/franglhof.at\/wp-content\/uploads\/2020\/07\/Top_03_02-scaled.jpg?strip=info&#038;w=1500&#038;ssl=1 1500w,https:\/\/i2.wp.com\/franglhof.at\/wp-content\/uploads\/2020\/07\/Top_03_02-scaled.jpg?strip=info&#038;w=1800&#038;ssl=1 1800w,https:\/\/i2.wp.com\/franglhof.at\/wp-content\/uploads\/2020\/07\/Top_03_02-scaled.jpg?strip=info&#038;w=2000&#038;ssl=1 2000w\" alt=\"Gaisberg Wohnzimmer\" data-height=\"1676\" data-id=\"19\" data-link=\"https:\/\/franglhof.at\/index.php\/2020\/07\/01\/unsere-appartements\/top_03_02\/\" data-url=\"https:\/\/franglhof.at\/wp-content\/uploads\/2020\/07\/Top_03_02-scaled.jpg\" data-width=\"2560\" src=\"https:\/\/i2.wp.com\/franglhof.at\/wp-content\/uploads\/2020\/07\/Top_03_02-scaled.jpg?ssl=1\" layout=\"responsive\"\/><\/figure><\/div><div class=\"tiled-gallery__col\" style=\"flex-basis:58.41914052012277%\"><figure class=\"tiled-gallery__item\"><img decoding=\"async\" srcset=\"https:\/\/i1.wp.com\/franglhof.at\/wp-content\/uploads\/2020\/07\/Top_03_01-scaled.jpg?strip=info&#038;w=600&#038;ssl=1 600w,https:\/\/i1.wp.com\/franglhof.at\/wp-content\/uploads\/2020\/07\/Top_03_01-scaled.jpg?strip=info&#038;w=900&#038;ssl=1 900w,https:\/\/i1.wp.com\/franglhof.at\/wp-content\/uploads\/2020\/07\/Top_03_01-scaled.jpg?strip=info&#038;w=1200&#038;ssl=1 1200w,https:\/\/i1.wp.com\/franglhof.at\/wp-content\/uploads\/2020\/07\/Top_03_01-scaled.jpg?strip=info&#038;w=1500&#038;ssl=1 1500w,https:\/\/i1.wp.com\/franglhof.at\/wp-content\/uploads\/2020\/07\/Top_03_01-scaled.jpg?strip=info&#038;w=1800&#038;ssl=1 1800w,https:\/\/i1.wp.com\/franglhof.at\/wp-content\/uploads\/2020\/07\/Top_03_01-scaled.jpg?strip=info&#038;w=2000&#038;ssl=1 2000w\" alt=\"Gaisberg Wohnzimmer\" data-height=\"1580\" data-id=\"18\" data-link=\"https:\/\/franglhof.at\/index.php\/2020\/07\/01\/unsere-appartements\/top_03_01\/\" data-url=\"https:\/\/franglhof.at\/wp-content\/uploads\/2020\/07\/Top_03_01-scaled.jpg\" data-width=\"2560\" src=\"https:\/\/i1.wp.com\/franglhof.at\/wp-content\/uploads\/2020\/07\/Top_03_01-scaled.jpg?ssl=1\" layout=\"responsive\"\/><\/figure><\/div><\/div><\/div><\/div>\n\n\n\n<p><a href=\"https:\/\/franglhof.at\/index.php\/bilder\/\">Bilder <\/a>der unterschiedlichen Appartements finden sie <a href=\"https:\/\/franglhof.at\/index.php\/bilder\/\">hier<\/a>.<\/p>\n\n\n\n<h2 class=\"wp-block-heading has-text-align-center\">Pension Franglhof<\/h2>\n\n\n\n<p class=\"has-text-align-center\">Spertendorf 68<br>A-6365 Kirchberg<br>\u00d6sterreich<\/p>\n\n\n\n<hr class=\"wp-block-separator has-css-opacity\"\/>\n\n\n\n<p class=\"has-text-align-center\">+<a href=\"tel: +4353572772\">43-5357-2772<\/a><\/p>\n\n\n\n<hr class=\"wp-block-separator has-css-opacity\"\/>\n\n\n\n<p class=\"has-text-align-center\"><a href=\"mailto:info@franglhof.at\">info@franglhof.at<\/a><\/p>\n","protected":false},"excerpt":{"rendered":"<p>Am Fu\u00dfe des Sonnberges, inmitten der Kitzb\u00fcheler Alpen, ruhig und doch zentrumsnahe (ca. 800m), liegt unsere famili\u00e4r gef\u00fchrte Fr\u00fchst\u00fcckspension. Zahlreiche Wanderwege und Bergtouren in den Kitzb\u00fcheler Alpen sowie Mountain Bike Routen, Golfpl\u00e4tze, Rafting, Reiten, Badesee und Freibad, Ausflugsziele und Sehensw\u00fcrdigkeiten in der n\u00e4heren Umgebung sorgen f\u00fcr Abwechslung in Ihrem Urlaub bei uns in Tirol. Zimmerbilder &hellip; <\/p>\n<p class=\"link-more\"><a href=\"https:\/\/franglhof.at\/\" class=\"more-link\"><span class=\"screen-reader-text\">\u201eHome\u201c <\/span>weiterlesen<\/a><\/p>\n","protected":false},"author":1,"featured_media":0,"parent":0,"menu_order":0,"comment_status":"closed","ping_status":"closed","template":"","meta":{"ngg_post_thumbnail":0,"footnotes":""},"class_list":["post-39","page","type-page","status-publish","hentry"],"yoast_head":"<!-- This site is optimized with the Yoast SEO plugin v27.3 - https:\/\/yoast.com\/product\/yoast-seo-wordpress\/ -->\n<title>Home - Pension Franglhof<\/title>\n<meta name=\"robots\" content=\"index, follow, max-snippet:-1, max-image-preview:large, max-video-preview:-1\" \/>\n<link rel=\"canonical\" href=\"https:\/\/franglhof.at\/\" \/>\n<meta property=\"og:locale\" content=\"de_DE\" \/>\n<meta property=\"og:type\" content=\"article\" \/>\n<meta property=\"og:title\" content=\"Home - Pension Franglhof\" \/>\n<meta property=\"og:description\" content=\"Am Fu\u00dfe des Sonnberges, inmitten der Kitzb\u00fcheler Alpen, ruhig und doch zentrumsnahe (ca. 800m), liegt unsere famili\u00e4r gef\u00fchrte Fr\u00fchst\u00fcckspension. Zahlreiche Wanderwege und Bergtouren in den Kitzb\u00fcheler Alpen sowie Mountain Bike Routen, Golfpl\u00e4tze, Rafting, Reiten, Badesee und Freibad, Ausflugsziele und Sehensw\u00fcrdigkeiten in der n\u00e4heren Umgebung sorgen f\u00fcr Abwechslung in Ihrem Urlaub bei uns in Tirol. Zimmerbilder &hellip; \u201eHome\u201c weiterlesen\" \/>\n<meta property=\"og:url\" content=\"https:\/\/franglhof.at\/\" \/>\n<meta property=\"og:site_name\" content=\"Pension Franglhof\" \/>\n<meta property=\"article:modified_time\" content=\"2023-05-03T09:50:16+00:00\" \/>\n<meta property=\"og:image\" content=\"https:\/\/i0.wp.com\/franglhof.at\/wp-content\/uploads\/2020\/07\/franglhof_sommer_main.jpg?ssl=1\" \/>\n<meta name=\"twitter:card\" content=\"summary_large_image\" \/>\n<meta name=\"twitter:label1\" content=\"Gesch\u00e4tzte Lesezeit\" \/>\n\t<meta name=\"twitter:data1\" content=\"2\u00a0Minuten\" \/>\n<script type=\"application\/ld+json\" class=\"yoast-schema-graph\">{\"@context\":\"https:\\\/\\\/schema.org\",\"@graph\":[{\"@type\":\"WebPage\",\"@id\":\"https:\\\/\\\/franglhof.at\\\/\",\"url\":\"https:\\\/\\\/franglhof.at\\\/\",\"name\":\"Home - Pension Franglhof\",\"isPartOf\":{\"@id\":\"https:\\\/\\\/franglhof.at\\\/#website\"},\"primaryImageOfPage\":{\"@id\":\"https:\\\/\\\/franglhof.at\\\/#primaryimage\"},\"image\":{\"@id\":\"https:\\\/\\\/franglhof.at\\\/#primaryimage\"},\"thumbnailUrl\":\"https:\\\/\\\/i0.wp.com\\\/franglhof.at\\\/wp-content\\\/uploads\\\/2020\\\/07\\\/franglhof_sommer_main.jpg?ssl=1\",\"datePublished\":\"2020-07-07T21:20:25+00:00\",\"dateModified\":\"2023-05-03T09:50:16+00:00\",\"breadcrumb\":{\"@id\":\"https:\\\/\\\/franglhof.at\\\/#breadcrumb\"},\"inLanguage\":\"de\",\"potentialAction\":[{\"@type\":\"ReadAction\",\"target\":[\"https:\\\/\\\/franglhof.at\\\/\"]}]},{\"@type\":\"ImageObject\",\"inLanguage\":\"de\",\"@id\":\"https:\\\/\\\/franglhof.at\\\/#primaryimage\",\"url\":\"https:\\\/\\\/i0.wp.com\\\/franglhof.at\\\/wp-content\\\/uploads\\\/2020\\\/07\\\/franglhof_sommer_main.jpg?ssl=1\",\"contentUrl\":\"https:\\\/\\\/i0.wp.com\\\/franglhof.at\\\/wp-content\\\/uploads\\\/2020\\\/07\\\/franglhof_sommer_main.jpg?ssl=1\"},{\"@type\":\"BreadcrumbList\",\"@id\":\"https:\\\/\\\/franglhof.at\\\/#breadcrumb\",\"itemListElement\":[{\"@type\":\"ListItem\",\"position\":1,\"name\":\"Home\",\"item\":\"https:\\\/\\\/franglhof.at\\\/\"},{\"@type\":\"ListItem\",\"position\":2,\"name\":\"Home\"}]},{\"@type\":\"WebSite\",\"@id\":\"https:\\\/\\\/franglhof.at\\\/#website\",\"url\":\"https:\\\/\\\/franglhof.at\\\/\",\"name\":\"Pension Franglhof\",\"description\":\"\",\"potentialAction\":[{\"@type\":\"SearchAction\",\"target\":{\"@type\":\"EntryPoint\",\"urlTemplate\":\"https:\\\/\\\/franglhof.at\\\/?s={search_term_string}\"},\"query-input\":{\"@type\":\"PropertyValueSpecification\",\"valueRequired\":true,\"valueName\":\"search_term_string\"}}],\"inLanguage\":\"de\"}]}<\/script>\n<!-- \/ Yoast SEO plugin. -->","yoast_head_json":{"title":"Home - Pension Franglhof","robots":{"index":"index","follow":"follow","max-snippet":"max-snippet:-1","max-image-preview":"max-image-preview:large","max-video-preview":"max-video-preview:-1"},"canonical":"https:\/\/franglhof.at\/","og_locale":"de_DE","og_type":"article","og_title":"Home - Pension Franglhof","og_description":"Am Fu\u00dfe des Sonnberges, inmitten der Kitzb\u00fcheler Alpen, ruhig und doch zentrumsnahe (ca. 800m), liegt unsere famili\u00e4r gef\u00fchrte Fr\u00fchst\u00fcckspension. Zahlreiche Wanderwege und Bergtouren in den Kitzb\u00fcheler Alpen sowie Mountain Bike Routen, Golfpl\u00e4tze, Rafting, Reiten, Badesee und Freibad, Ausflugsziele und Sehensw\u00fcrdigkeiten in der n\u00e4heren Umgebung sorgen f\u00fcr Abwechslung in Ihrem Urlaub bei uns in Tirol. Zimmerbilder &hellip; \u201eHome\u201c weiterlesen","og_url":"https:\/\/franglhof.at\/","og_site_name":"Pension Franglhof","article_modified_time":"2023-05-03T09:50:16+00:00","og_image":[{"url":"https:\/\/i0.wp.com\/franglhof.at\/wp-content\/uploads\/2020\/07\/franglhof_sommer_main.jpg?ssl=1","type":"","width":"","height":""}],"twitter_card":"summary_large_image","twitter_misc":{"Gesch\u00e4tzte Lesezeit":"2\u00a0Minuten"},"schema":{"@context":"https:\/\/schema.org","@graph":[{"@type":"WebPage","@id":"https:\/\/franglhof.at\/","url":"https:\/\/franglhof.at\/","name":"Home - Pension Franglhof","isPartOf":{"@id":"https:\/\/franglhof.at\/#website"},"primaryImageOfPage":{"@id":"https:\/\/franglhof.at\/#primaryimage"},"image":{"@id":"https:\/\/franglhof.at\/#primaryimage"},"thumbnailUrl":"https:\/\/i0.wp.com\/franglhof.at\/wp-content\/uploads\/2020\/07\/franglhof_sommer_main.jpg?ssl=1","datePublished":"2020-07-07T21:20:25+00:00","dateModified":"2023-05-03T09:50:16+00:00","breadcrumb":{"@id":"https:\/\/franglhof.at\/#breadcrumb"},"inLanguage":"de","potentialAction":[{"@type":"ReadAction","target":["https:\/\/franglhof.at\/"]}]},{"@type":"ImageObject","inLanguage":"de","@id":"https:\/\/franglhof.at\/#primaryimage","url":"https:\/\/i0.wp.com\/franglhof.at\/wp-content\/uploads\/2020\/07\/franglhof_sommer_main.jpg?ssl=1","contentUrl":"https:\/\/i0.wp.com\/franglhof.at\/wp-content\/uploads\/2020\/07\/franglhof_sommer_main.jpg?ssl=1"},{"@type":"BreadcrumbList","@id":"https:\/\/franglhof.at\/#breadcrumb","itemListElement":[{"@type":"ListItem","position":1,"name":"Home","item":"https:\/\/franglhof.at\/"},{"@type":"ListItem","position":2,"name":"Home"}]},{"@type":"WebSite","@id":"https:\/\/franglhof.at\/#website","url":"https:\/\/franglhof.at\/","name":"Pension Franglhof","description":"","potentialAction":[{"@type":"SearchAction","target":{"@type":"EntryPoint","urlTemplate":"https:\/\/franglhof.at\/?s={search_term_string}"},"query-input":{"@type":"PropertyValueSpecification","valueRequired":true,"valueName":"search_term_string"}}],"inLanguage":"de"}]}},"jetpack_sharing_enabled":true,"_links":{"self":[{"href":"https:\/\/franglhof.at\/index.php\/wp-json\/wp\/v2\/pages\/39","targetHints":{"allow":["GET"]}}],"collection":[{"href":"https:\/\/franglhof.at\/index.php\/wp-json\/wp\/v2\/pages"}],"about":[{"href":"https:\/\/franglhof.at\/index.php\/wp-json\/wp\/v2\/types\/page"}],"author":[{"embeddable":true,"href":"https:\/\/franglhof.at\/index.php\/wp-json\/wp\/v2\/users\/1"}],"replies":[{"embeddable":true,"href":"https:\/\/franglhof.at\/index.php\/wp-json\/wp\/v2\/comments?post=39"}],"version-history":[{"count":32,"href":"https:\/\/franglhof.at\/index.php\/wp-json\/wp\/v2\/pages\/39\/revisions"}],"predecessor-version":[{"id":1969,"href":"https:\/\/franglhof.at\/index.php\/wp-json\/wp\/v2\/pages\/39\/revisions\/1969"}],"wp:attachment":[{"href":"https:\/\/franglhof.at\/index.php\/wp-json\/wp\/v2\/media?parent=39"}],"curies":[{"name":"wp","href":"https:\/\/api.w.org\/{rel}","templated":true}]}}